{"id":989274,"date":"2023-02-15T19:34:53","date_gmt":"2023-02-15T18:34:53","guid":{"rendered":"https:\/\/cebelarstvo-metelko.eu\/queen-bees\/"},"modified":"2024-02-27T17:59:21","modified_gmt":"2024-02-27T16:59:21","slug":"carnica-queen-bees-from-slovenia","status":"publish","type":"page","link":"https:\/\/cebelarstvo-metelko.eu\/en\/carnica-queen-bees-from-slovenia\/","title":{"rendered":"Carnica queen bees from Slovenia"},"content":{"rendered":"\t\t<div data-elementor-type=\"wp-page\" data-elementor-id=\"989274\" class=\"elementor elementor-989274 elementor-987786\">\n\t\t\t\t\t\t\t\t\t<section class=\"elementor-section elementor-top-section elementor-element elementor-element-fded425 elementor-section-boxed elementor-section-height-default elementor-section-height-default\" data-id=\"fded425\" data-element_type=\"section\">\n\t\t\t\t\t\t<div class=\"elementor-container elementor-column-gap-default\">\n\t\t\t\t\t<div class=\"elementor-column elementor-col-100 elementor-top-column elementor-element elementor-element-fc7c1d5\" data-id=\"fc7c1d5\" data-element_type=\"column\">\n\t\t\t<div class=\"elementor-widget-wrap elementor-element-populated\">\n\t\t\t\t\t\t\t\t<div class=\"elementor-element elementor-element-e152203 elementor-widget elementor-widget-heading\" data-id=\"e152203\" data-element_type=\"widget\" data-widget_type=\"heading.default\">\n\t\t\t\t<div class=\"elementor-widget-container\">\n\t\t\t<h1 class=\"elementor-heading-title elementor-size-default\">Carnica queen bees from Slovenia<\/h1>\t\t<\/div>\n\t\t\t\t<\/div>\n\t\t\t\t<section class=\"elementor-section elementor-inner-section elementor-element elementor-element-7ca7821 elementor-section-boxed elementor-section-height-default elementor-section-height-default\" data-id=\"7ca7821\" data-element_type=\"section\">\n\t\t\t\t\t\t<div class=\"elementor-container elementor-column-gap-default\">\n\t\t\t\t\t<div class=\"elementor-column elementor-col-33 elementor-inner-column elementor-element elementor-element-69560c3\" data-id=\"69560c3\" data-element_type=\"column\">\n\t\t\t<div class=\"elementor-widget-wrap elementor-element-populated\">\n\t\t\t\t\t\t\t\t<div class=\"elementor-element elementor-element-f713e98 e-transform elementor-widget elementor-widget-image\" data-id=\"f713e98\" data-element_type=\"widget\" data-settings=\"{&quot;_transform_scale_effect_hover&quot;:{&quot;unit&quot;:&quot;px&quot;,&quot;size&quot;:1.1,&quot;sizes&quot;:[]},&quot;_transform_scale_effect_hover_tablet&quot;:{&quot;unit&quot;:&quot;px&quot;,&quot;size&quot;:&quot;&quot;,&quot;sizes&quot;:[]},&quot;_transform_scale_effect_hover_mobile&quot;:{&quot;unit&quot;:&quot;px&quot;,&quot;size&quot;:&quot;&quot;,&quot;sizes&quot;:[]}}\" data-widget_type=\"image.default\">\n\t\t\t\t<div class=\"elementor-widget-container\">\n\t\t\t\t\t\t\t<div class=\"elementor-image\">\n\t\t\t\t\t\t\t\t\t\t\t\t\t\t\t\t\t\t\t\t\t\t<a href=\"https:\/\/cebelarstvo-metelko.eu\/en\/queens\/\">\n\t\t\t\t\t\t\t\t\t\t\t<img loading=\"lazy\" decoding=\"async\" width=\"600\" height=\"636\" src=\"https:\/\/cebelarstvo-metelko.eu\/wp-content\/uploads\/2023\/02\/kranjska-cebela2.png\" class=\"attachment-large size-large wp-image-988146\" alt=\"\" srcset=\"https:\/\/cebelarstvo-metelko.eu\/wp-content\/uploads\/2023\/02\/kranjska-cebela2.png 600w, https:\/\/cebelarstvo-metelko.eu\/wp-content\/uploads\/2023\/02\/kranjska-cebela2-283x300.png 283w, https:\/\/cebelarstvo-metelko.eu\/wp-content\/uploads\/2023\/02\/kranjska-cebela2-315x334.png 315w\" sizes=\"auto, (max-width: 600px) 100vw, 600px\" \/>\t\t\t\t\t\t\t\t\t\t\t\t<\/a>\n\t\t\t\t\t\t\t\t\t\t\t\t\t\t\t\t\t\t\t\t\t\t\t\t<\/div>\n\t\t\t\t\t\t<\/div>\n\t\t\t\t<\/div>\n\t\t\t\t<div class=\"elementor-element elementor-element-29c2317 elementor-widget elementor-widget-heading\" data-id=\"29c2317\" data-element_type=\"widget\" data-widget_type=\"heading.default\">\n\t\t\t\t<div class=\"elementor-widget-container\">\n\t\t\t<h2 class=\"elementor-heading-title elementor-size-default\">Production Carnica queen bees <\/h2>\t\t<\/div>\n\t\t\t\t<\/div>\n\t\t\t\t<div class=\"elementor-element elementor-element-5b425b3 elementor-widget elementor-widget-text-editor\" data-id=\"5b425b3\" data-element_type=\"widget\" data-widget_type=\"text-editor.default\">\n\t\t\t\t<div class=\"elementor-widget-container\">\n\t\t\t\t\t\t\t<p>Production queens are young queens bred in the current year and open mated (randomly mated).<\/p>\n\t\t\t\t\t\t<\/div>\n\t\t\t\t<\/div>\n\t\t\t\t<div class=\"elementor-element elementor-element-dcf6e4c elementor-align-center elementor-widget elementor-widget-button\" data-id=\"dcf6e4c\" data-element_type=\"widget\" data-widget_type=\"button.default\">\n\t\t\t\t<div class=\"elementor-widget-container\">\n\t\t\t\t\t<div class=\"elementor-button-wrapper\">\n\t\t\t<a href=\"http:\/\/cebelarstvo-metelko.eu\/gospodarske-matice\/\" class=\"elementor-button-link elementor-button elementor-size-md\" role=\"button\">\n\t\t\t\t\t\t<span class=\"elementor-button-content-wrapper\">\n\t\t\t\t\t\t\t<span class=\"elementor-button-icon elementor-align-icon-right\">\n\t\t\t\t<i aria-hidden=\"true\" class=\"fas fa-arrow-right\"><\/i>\t\t\t<\/span>\n\t\t\t\t\t\t<span class=\"elementor-button-text\">Read more<\/span>\n\t\t<\/span>\n\t\t\t\t\t<\/a>\n\t\t<\/div>\n\t\t\t\t<\/div>\n\t\t\t\t<\/div>\n\t\t\t\t\t<\/div>\n\t\t<\/div>\n\t\t\t\t<div class=\"elementor-column elementor-col-33 elementor-inner-column elementor-element elementor-element-2b23f2a\" data-id=\"2b23f2a\" data-element_type=\"column\">\n\t\t\t<div class=\"elementor-widget-wrap elementor-element-populated\">\n\t\t\t\t\t\t\t\t<div class=\"elementor-element elementor-element-04aefa0 e-transform elementor-widget elementor-widget-image\" data-id=\"04aefa0\" data-element_type=\"widget\" data-settings=\"{&quot;_transform_scale_effect_hover&quot;:{&quot;unit&quot;:&quot;px&quot;,&quot;size&quot;:1.1,&quot;sizes&quot;:[]},&quot;_transform_scale_effect_hover_tablet&quot;:{&quot;unit&quot;:&quot;px&quot;,&quot;size&quot;:&quot;&quot;,&quot;sizes&quot;:[]},&quot;_transform_scale_effect_hover_mobile&quot;:{&quot;unit&quot;:&quot;px&quot;,&quot;size&quot;:&quot;&quot;,&quot;sizes&quot;:[]}}\" data-widget_type=\"image.default\">\n\t\t\t\t<div class=\"elementor-widget-container\">\n\t\t\t\t\t\t\t<div class=\"elementor-image\">\n\t\t\t\t\t\t\t\t\t\t\t\t\t\t\t\t\t\t\t\t\t\t<a href=\"https:\/\/cebelarstvo-metelko.eu\/en\/purebred-queen-bees\/\">\n\t\t\t\t\t\t\t\t\t\t\t<img loading=\"lazy\" decoding=\"async\" width=\"600\" height=\"572\" src=\"https:\/\/cebelarstvo-metelko.eu\/wp-content\/uploads\/2023\/02\/cebelar-2.png\" class=\"attachment-large size-large wp-image-988175\" alt=\"\" srcset=\"https:\/\/cebelarstvo-metelko.eu\/wp-content\/uploads\/2023\/02\/cebelar-2.png 600w, https:\/\/cebelarstvo-metelko.eu\/wp-content\/uploads\/2023\/02\/cebelar-2-300x286.png 300w, https:\/\/cebelarstvo-metelko.eu\/wp-content\/uploads\/2023\/02\/cebelar-2-315x300.png 315w\" sizes=\"auto, (max-width: 600px) 100vw, 600px\" \/>\t\t\t\t\t\t\t\t\t\t\t\t<\/a>\n\t\t\t\t\t\t\t\t\t\t\t\t\t\t\t\t\t\t\t\t\t\t\t\t<\/div>\n\t\t\t\t\t\t<\/div>\n\t\t\t\t<\/div>\n\t\t\t\t<div class=\"elementor-element elementor-element-86bfefb elementor-widget elementor-widget-heading\" data-id=\"86bfefb\" data-element_type=\"widget\" data-widget_type=\"heading.default\">\n\t\t\t\t<div class=\"elementor-widget-container\">\n\t\t\t<h2 class=\"elementor-heading-title elementor-size-default\">Purebred Carnica queen bees<\/h2>\t\t<\/div>\n\t\t\t\t<\/div>\n\t\t\t\t<div class=\"elementor-element elementor-element-7e1bdb2 elementor-widget elementor-widget-text-editor\" data-id=\"7e1bdb2\" data-element_type=\"widget\" data-widget_type=\"text-editor.default\">\n\t\t\t\t<div class=\"elementor-widget-container\">\n\t\t\t\t\t\t\t<p>Purebred queens are young queens reared in the current year with controlled mating.<\/p>\n\t\t\t\t\t\t<\/div>\n\t\t\t\t<\/div>\n\t\t\t\t<div class=\"elementor-element elementor-element-1fdb2ab elementor-align-center elementor-widget elementor-widget-button\" data-id=\"1fdb2ab\" data-element_type=\"widget\" data-widget_type=\"button.default\">\n\t\t\t\t<div class=\"elementor-widget-container\">\n\t\t\t\t\t<div class=\"elementor-button-wrapper\">\n\t\t\t<a href=\"http:\/\/cebelarstvo-metelko.eu\/rodovniske-matice\/\" class=\"elementor-button-link elementor-button elementor-size-md\" role=\"button\">\n\t\t\t\t\t\t<span class=\"elementor-button-content-wrapper\">\n\t\t\t\t\t\t\t<span class=\"elementor-button-icon elementor-align-icon-right\">\n\t\t\t\t<i aria-hidden=\"true\" class=\"fas fa-arrow-right\"><\/i>\t\t\t<\/span>\n\t\t\t\t\t\t<span class=\"elementor-button-text\">Read more<\/span>\n\t\t<\/span>\n\t\t\t\t\t<\/a>\n\t\t<\/div>\n\t\t\t\t<\/div>\n\t\t\t\t<\/div>\n\t\t\t\t\t<\/div>\n\t\t<\/div>\n\t\t\t\t<div class=\"elementor-column elementor-col-33 elementor-inner-column elementor-element elementor-element-9bac377\" data-id=\"9bac377\" data-element_type=\"column\">\n\t\t\t<div class=\"elementor-widget-wrap elementor-element-populated\">\n\t\t\t\t\t\t\t\t<div class=\"elementor-element elementor-element-68fa351 e-transform elementor-widget elementor-widget-image\" data-id=\"68fa351\" data-element_type=\"widget\" data-settings=\"{&quot;_transform_scale_effect_hover&quot;:{&quot;unit&quot;:&quot;px&quot;,&quot;size&quot;:1.1,&quot;sizes&quot;:[]},&quot;_transform_scale_effect_hover_tablet&quot;:{&quot;unit&quot;:&quot;px&quot;,&quot;size&quot;:&quot;&quot;,&quot;sizes&quot;:[]},&quot;_transform_scale_effect_hover_mobile&quot;:{&quot;unit&quot;:&quot;px&quot;,&quot;size&quot;:&quot;&quot;,&quot;sizes&quot;:[]}}\" data-widget_type=\"image.default\">\n\t\t\t\t<div class=\"elementor-widget-container\">\n\t\t\t\t\t\t\t<div class=\"elementor-image\">\n\t\t\t\t\t\t\t\t\t\t\t\t\t\t\t\t\t\t\t\t\t\t<a href=\"https:\/\/cebelarstvo-metelko.eu\/en\/second-year-production-queens\/\">\n\t\t\t\t\t\t\t\t\t\t\t<img loading=\"lazy\" decoding=\"async\" width=\"600\" height=\"600\" src=\"https:\/\/cebelarstvo-metelko.eu\/wp-content\/uploads\/2023\/02\/kranjska-cebela-1.png\" class=\"attachment-large size-large wp-image-988032\" alt=\"\" srcset=\"https:\/\/cebelarstvo-metelko.eu\/wp-content\/uploads\/2023\/02\/kranjska-cebela-1.png 600w, https:\/\/cebelarstvo-metelko.eu\/wp-content\/uploads\/2023\/02\/kranjska-cebela-1-300x300.png 300w, https:\/\/cebelarstvo-metelko.eu\/wp-content\/uploads\/2023\/02\/kranjska-cebela-1-150x150.png 150w, https:\/\/cebelarstvo-metelko.eu\/wp-content\/uploads\/2023\/02\/kranjska-cebela-1-315x315.png 315w\" sizes=\"auto, (max-width: 600px) 100vw, 600px\" \/>\t\t\t\t\t\t\t\t\t\t\t\t<\/a>\n\t\t\t\t\t\t\t\t\t\t\t\t\t\t\t\t\t\t\t\t\t\t\t\t<\/div>\n\t\t\t\t\t\t<\/div>\n\t\t\t\t<\/div>\n\t\t\t\t<div class=\"elementor-element elementor-element-0fe1d2f elementor-widget elementor-widget-heading\" data-id=\"0fe1d2f\" data-element_type=\"widget\" data-widget_type=\"heading.default\">\n\t\t\t\t<div class=\"elementor-widget-container\">\n\t\t\t<h2 class=\"elementor-heading-title elementor-size-default\">Second year Production Queen bees<\/h2>\t\t<\/div>\n\t\t\t\t<\/div>\n\t\t\t\t<div class=\"elementor-element elementor-element-3945a01 elementor-widget elementor-widget-text-editor\" data-id=\"3945a01\" data-element_type=\"widget\" data-widget_type=\"text-editor.default\">\n\t\t\t\t<div class=\"elementor-widget-container\">\n\t\t\t\t\t\t\t<p>Second year Production Queens are open mated, bred in the previous beekeeping season with known origin on the maternal side.<\/p>\n\t\t\t\t\t\t<\/div>\n\t\t\t\t<\/div>\n\t\t\t\t<div class=\"elementor-element elementor-element-3f84dc8 elementor-align-center elementor-widget elementor-widget-button\" data-id=\"3f84dc8\" data-element_type=\"widget\" data-widget_type=\"button.default\">\n\t\t\t\t<div class=\"elementor-widget-container\">\n\t\t\t\t\t<div class=\"elementor-button-wrapper\">\n\t\t\t<a href=\"http:\/\/cebelarstvo-metelko.eu\/prezimljene-gospodarske-matice\/\" class=\"elementor-button-link elementor-button elementor-size-md\" role=\"button\">\n\t\t\t\t\t\t<span class=\"elementor-button-content-wrapper\">\n\t\t\t\t\t\t\t<span class=\"elementor-button-icon elementor-align-icon-right\">\n\t\t\t\t<i aria-hidden=\"true\" class=\"fas fa-arrow-right\"><\/i>\t\t\t<\/span>\n\t\t\t\t\t\t<span class=\"elementor-button-text\">Read more<\/span>\n\t\t<\/span>\n\t\t\t\t\t<\/a>\n\t\t<\/div>\n\t\t\t\t<\/div>\n\t\t\t\t<\/div>\n\t\t\t\t\t<\/div>\n\t\t<\/div>\n\t\t\t\t\t\t\t<\/div>\n\t\t<\/section>\n\t\t\t\t\t<\/div>\n\t\t<\/div>\n\t\t\t\t\t\t\t<\/div>\n\t\t<\/section>\n\t\t\t\t\t\t\t<\/div>\n\t\t","protected":false},"excerpt":{"rendered":"<p>Carnica queen bees from Slovenia Production Carnica queen bees Production queens are young queens bred in the current year and open mated (randomly mated). Read more Purebred Carnica queen bees Purebred queens are young queens reared in the current year with controlled mating. Read more Second year Production Queen bees Second year Production Queens are&#8230;<\/p>\n","protected":false},"author":1,"featured_media":989079,"parent":0,"menu_order":0,"comment_status":"closed","ping_status":"closed","template":"","meta":{"inline_featured_image":false,"_mi_skip_tracking":false,"footnotes":""},"class_list":["post-989274","page","type-page","status-publish","has-post-thumbnail","hentry"],"yoast_head":"<!-- This site is optimized with the Yoast SEO plugin v20.4 - https:\/\/yoast.com\/wordpress\/plugins\/seo\/ -->\n<title>Carnica queen bees from Slovenia - \u010cebelarstvo Metelko<\/title>\n<meta name=\"description\" content=\"Carnica queen bees from Slovenia by \u010cebelarstvo Metelko. Production queens are young queens bred in the current year and open mated.\" \/>\n<meta name=\"robots\" content=\"index, follow, max-snippet:-1, max-image-preview:large, max-video-preview:-1\" \/>\n<link rel=\"canonical\" href=\"https:\/\/cebelarstvo-metelko.eu\/en\/carnica-queen-bees-from-slovenia\/\" \/>\n<meta property=\"og:locale\" content=\"en_US\" \/>\n<meta property=\"og:type\" content=\"article\" \/>\n<meta property=\"og:title\" content=\"Carnica queen bees from Slovenia - \u010cebelarstvo Metelko\" \/>\n<meta property=\"og:description\" content=\"Carnica queen bees from Slovenia by \u010cebelarstvo Metelko. Production queens are young queens bred in the current year and open mated.\" \/>\n<meta property=\"og:url\" content=\"https:\/\/cebelarstvo-metelko.eu\/en\/carnica-queen-bees-from-slovenia\/\" \/>\n<meta property=\"og:site_name\" content=\"\u010cebelarstvo Metelko\" \/>\n<meta property=\"article:modified_time\" content=\"2024-02-27T16:59:21+00:00\" \/>\n<meta property=\"og:image\" content=\"https:\/\/cebelarstvo-metelko.eu\/wp-content\/uploads\/2023\/02\/cebelje-matice.jpg\" \/>\n\t<meta property=\"og:image:width\" content=\"2000\" \/>\n\t<meta property=\"og:image:height\" content=\"1553\" \/>\n\t<meta property=\"og:image:type\" content=\"image\/jpeg\" \/>\n<meta name=\"twitter:card\" content=\"summary_large_image\" \/>\n<meta name=\"twitter:label1\" content=\"Est. reading time\" \/>\n\t<meta name=\"twitter:data1\" content=\"1 minute\" \/>\n<script type=\"application\/ld+json\" class=\"yoast-schema-graph\">{\"@context\":\"https:\/\/schema.org\",\"@graph\":[{\"@type\":\"WebPage\",\"@id\":\"https:\/\/cebelarstvo-metelko.eu\/en\/carnica-queen-bees-from-slovenia\/\",\"url\":\"https:\/\/cebelarstvo-metelko.eu\/en\/carnica-queen-bees-from-slovenia\/\",\"name\":\"Carnica queen bees from Slovenia - \u010cebelarstvo Metelko\",\"isPartOf\":{\"@id\":\"https:\/\/cebelarstvo-metelko.eu\/en\/#website\"},\"datePublished\":\"2023-02-15T18:34:53+00:00\",\"dateModified\":\"2024-02-27T16:59:21+00:00\",\"description\":\"Carnica queen bees from Slovenia by \u010cebelarstvo Metelko. Production queens are young queens bred in the current year and open mated.\",\"breadcrumb\":{\"@id\":\"https:\/\/cebelarstvo-metelko.eu\/en\/carnica-queen-bees-from-slovenia\/#breadcrumb\"},\"inLanguage\":\"en-US\",\"potentialAction\":[{\"@type\":\"ReadAction\",\"target\":[\"https:\/\/cebelarstvo-metelko.eu\/en\/carnica-queen-bees-from-slovenia\/\"]}]},{\"@type\":\"BreadcrumbList\",\"@id\":\"https:\/\/cebelarstvo-metelko.eu\/en\/carnica-queen-bees-from-slovenia\/#breadcrumb\",\"itemListElement\":[{\"@type\":\"ListItem\",\"position\":1,\"name\":\"Home\",\"item\":\"https:\/\/cebelarstvo-metelko.eu\/en\/\"},{\"@type\":\"ListItem\",\"position\":2,\"name\":\"Carnica queen bees from Slovenia\"}]},{\"@type\":\"WebSite\",\"@id\":\"https:\/\/cebelarstvo-metelko.eu\/en\/#website\",\"url\":\"https:\/\/cebelarstvo-metelko.eu\/en\/\",\"name\":\"\u010cebelarstvo Metelko\",\"description\":\"Svet ekolo\u0161kega \u010debelarstva\",\"publisher\":{\"@id\":\"https:\/\/cebelarstvo-metelko.eu\/en\/#organization\"},\"potentialAction\":[{\"@type\":\"SearchAction\",\"target\":{\"@type\":\"EntryPoint\",\"urlTemplate\":\"https:\/\/cebelarstvo-metelko.eu\/en\/?s={search_term_string}\"},\"query-input\":\"required name=search_term_string\"}],\"inLanguage\":\"en-US\"},{\"@type\":\"Organization\",\"@id\":\"https:\/\/cebelarstvo-metelko.eu\/en\/#organization\",\"name\":\"\u010cebelarstvo Metelko\",\"url\":\"https:\/\/cebelarstvo-metelko.eu\/en\/\",\"logo\":{\"@type\":\"ImageObject\",\"inLanguage\":\"en-US\",\"@id\":\"https:\/\/cebelarstvo-metelko.eu\/en\/#\/schema\/logo\/image\/\",\"url\":\"https:\/\/cebelarstvo-metelko.eu\/wp-content\/uploads\/2023\/02\/Cebelarstvo-Metelko-LOGO-svetel.png\",\"contentUrl\":\"https:\/\/cebelarstvo-metelko.eu\/wp-content\/uploads\/2023\/02\/Cebelarstvo-Metelko-LOGO-svetel.png\",\"width\":800,\"height\":278,\"caption\":\"\u010cebelarstvo Metelko\"},\"image\":{\"@id\":\"https:\/\/cebelarstvo-metelko.eu\/en\/#\/schema\/logo\/image\/\"}}]}<\/script>\n<!-- \/ Yoast SEO plugin. -->","yoast_head_json":{"title":"Carnica queen bees from Slovenia - \u010cebelarstvo Metelko","description":"Carnica queen bees from Slovenia by \u010cebelarstvo Metelko. Production queens are young queens bred in the current year and open mated.","robots":{"index":"index","follow":"follow","max-snippet":"max-snippet:-1","max-image-preview":"max-image-preview:large","max-video-preview":"max-video-preview:-1"},"canonical":"https:\/\/cebelarstvo-metelko.eu\/en\/carnica-queen-bees-from-slovenia\/","og_locale":"en_US","og_type":"article","og_title":"Carnica queen bees from Slovenia - \u010cebelarstvo Metelko","og_description":"Carnica queen bees from Slovenia by \u010cebelarstvo Metelko. Production queens are young queens bred in the current year and open mated.","og_url":"https:\/\/cebelarstvo-metelko.eu\/en\/carnica-queen-bees-from-slovenia\/","og_site_name":"\u010cebelarstvo Metelko","article_modified_time":"2024-02-27T16:59:21+00:00","og_image":[{"width":2000,"height":1553,"url":"https:\/\/cebelarstvo-metelko.eu\/wp-content\/uploads\/2023\/02\/cebelje-matice.jpg","type":"image\/jpeg"}],"twitter_card":"summary_large_image","twitter_misc":{"Est. reading time":"1 minute"},"schema":{"@context":"https:\/\/schema.org","@graph":[{"@type":"WebPage","@id":"https:\/\/cebelarstvo-metelko.eu\/en\/carnica-queen-bees-from-slovenia\/","url":"https:\/\/cebelarstvo-metelko.eu\/en\/carnica-queen-bees-from-slovenia\/","name":"Carnica queen bees from Slovenia - \u010cebelarstvo Metelko","isPartOf":{"@id":"https:\/\/cebelarstvo-metelko.eu\/en\/#website"},"datePublished":"2023-02-15T18:34:53+00:00","dateModified":"2024-02-27T16:59:21+00:00","description":"Carnica queen bees from Slovenia by \u010cebelarstvo Metelko. Production queens are young queens bred in the current year and open mated.","breadcrumb":{"@id":"https:\/\/cebelarstvo-metelko.eu\/en\/carnica-queen-bees-from-slovenia\/#breadcrumb"},"inLanguage":"en-US","potentialAction":[{"@type":"ReadAction","target":["https:\/\/cebelarstvo-metelko.eu\/en\/carnica-queen-bees-from-slovenia\/"]}]},{"@type":"BreadcrumbList","@id":"https:\/\/cebelarstvo-metelko.eu\/en\/carnica-queen-bees-from-slovenia\/#breadcrumb","itemListElement":[{"@type":"ListItem","position":1,"name":"Home","item":"https:\/\/cebelarstvo-metelko.eu\/en\/"},{"@type":"ListItem","position":2,"name":"Carnica queen bees from Slovenia"}]},{"@type":"WebSite","@id":"https:\/\/cebelarstvo-metelko.eu\/en\/#website","url":"https:\/\/cebelarstvo-metelko.eu\/en\/","name":"\u010cebelarstvo Metelko","description":"Svet ekolo\u0161kega \u010debelarstva","publisher":{"@id":"https:\/\/cebelarstvo-metelko.eu\/en\/#organization"},"potentialAction":[{"@type":"SearchAction","target":{"@type":"EntryPoint","urlTemplate":"https:\/\/cebelarstvo-metelko.eu\/en\/?s={search_term_string}"},"query-input":"required name=search_term_string"}],"inLanguage":"en-US"},{"@type":"Organization","@id":"https:\/\/cebelarstvo-metelko.eu\/en\/#organization","name":"\u010cebelarstvo Metelko","url":"https:\/\/cebelarstvo-metelko.eu\/en\/","logo":{"@type":"ImageObject","inLanguage":"en-US","@id":"https:\/\/cebelarstvo-metelko.eu\/en\/#\/schema\/logo\/image\/","url":"https:\/\/cebelarstvo-metelko.eu\/wp-content\/uploads\/2023\/02\/Cebelarstvo-Metelko-LOGO-svetel.png","contentUrl":"https:\/\/cebelarstvo-metelko.eu\/wp-content\/uploads\/2023\/02\/Cebelarstvo-Metelko-LOGO-svetel.png","width":800,"height":278,"caption":"\u010cebelarstvo Metelko"},"image":{"@id":"https:\/\/cebelarstvo-metelko.eu\/en\/#\/schema\/logo\/image\/"}}]}},"_links":{"self":[{"href":"https:\/\/cebelarstvo-metelko.eu\/en\/wp-json\/wp\/v2\/pages\/989274","targetHints":{"allow":["GET"]}}],"collection":[{"href":"https:\/\/cebelarstvo-metelko.eu\/en\/wp-json\/wp\/v2\/pages"}],"about":[{"href":"https:\/\/cebelarstvo-metelko.eu\/en\/wp-json\/wp\/v2\/types\/page"}],"author":[{"embeddable":true,"href":"https:\/\/cebelarstvo-metelko.eu\/en\/wp-json\/wp\/v2\/users\/1"}],"replies":[{"embeddable":true,"href":"https:\/\/cebelarstvo-metelko.eu\/en\/wp-json\/wp\/v2\/comments?post=989274"}],"version-history":[{"count":18,"href":"https:\/\/cebelarstvo-metelko.eu\/en\/wp-json\/wp\/v2\/pages\/989274\/revisions"}],"predecessor-version":[{"id":989595,"href":"https:\/\/cebelarstvo-metelko.eu\/en\/wp-json\/wp\/v2\/pages\/989274\/revisions\/989595"}],"wp:featuredmedia":[{"embeddable":true,"href":"https:\/\/cebelarstvo-metelko.eu\/en\/wp-json\/wp\/v2\/media\/989079"}],"wp:attachment":[{"href":"https:\/\/cebelarstvo-metelko.eu\/en\/wp-json\/wp\/v2\/media?parent=989274"}],"curies":[{"name":"wp","href":"https:\/\/api.w.org\/{rel}","templated":true}]}}